{"id":157,"date":"2024-01-02T12:19:57","date_gmt":"2024-01-02T12:19:57","guid":{"rendered":"https:\/\/komornik-sobczak.zgo.pl\/?page_id=157"},"modified":"2024-08-29T13:21:15","modified_gmt":"2024-08-29T13:21:15","slug":"dokumenty","status":"publish","type":"page","link":"https:\/\/komornik-inowroclaw.com.pl\/index.php\/dokumenty\/","title":{"rendered":"dokumenty"},"content":{"rendered":"\t\t<div data-elementor-type=\"wp-page\" data-elementor-id=\"157\" class=\"elementor elementor-157\">\n\t\t\t\t<div class=\"elementor-element elementor-element-b54d6c4 e-flex e-con-boxed e-con e-parent\" data-id=\"b54d6c4\" data-element_type=\"container\" data-e-type=\"container\">\n\t\t\t\t\t<div class=\"e-con-inner\">\n\t\t\t\t<div class=\"elementor-element elementor-element-5007ac3 elementor-widget elementor-widget-text-editor\" data-id=\"5007ac3\" data-element_type=\"widget\" data-e-type=\"widget\" data-widget_type=\"text-editor.default\">\n\t\t\t\t<div class=\"elementor-widget-container\">\n\t\t\t\t\t\t\t\t\t<div><p>Wniosek nale\u017cy z\u0142o\u017cy\u0107 do komornika <strong>w oryginale<\/strong>, wraz z tytu\u0142em wykonawczym (r\u00f3wnie\u017c w oryginale).<\/p><\/div><div><p>Wniosek nale\u017cy wype\u0142ni\u0107 <strong>czytelnie<\/strong>, najlepiej drukowanymi literami.<\/p><\/div><div><p><strong>Wszystkie pola<\/strong> powinny by\u0107 wype\u0142nione.<\/p><\/div><div><p>Wierzyciel powinien wskaza\u0107 mo\u017cliwie <strong>najwi\u0119cej danych<\/strong> identyfikacyjnych d\u0142u\u017cnika, co zwi\u0119ksza szanse na skuteczne wyegzekwowanie nale\u017cno\u015bci.<\/p><\/div><div><p>Wierzyciel musi podpisa\u0107 wniosek <strong>czytelnie<\/strong>, imieniem oraz nazwiskiem.<\/p><\/div><div><p>Je\u015bli wniosek sk\u0142ada osoba reprezentuj\u0105ca wierzyciela, do wniosku nale\u017cy za\u0142\u0105czy\u0107 <strong>pe\u0142nomocnictwo i\/lub odpis KRS<\/strong> (w przypadku sp\u00f3\u0142ek prawa handlowego).<\/p><\/div>\t\t\t\t\t\t\t\t<\/div>\n\t\t\t\t<\/div>\n\t\t\t\t\t<\/div>\n\t\t\t\t<\/div>\n\t\t<div class=\"elementor-element elementor-element-22a0ba1 e-flex e-con-boxed e-con e-parent\" data-id=\"22a0ba1\" data-element_type=\"container\" data-e-type=\"container\">\n\t\t\t\t\t<div class=\"e-con-inner\">\n\t\t\t\t<div class=\"elementor-element elementor-element-d6a5a51 elementor-widget elementor-widget-text-editor\" data-id=\"d6a5a51\" data-element_type=\"widget\" data-e-type=\"widget\" data-widget_type=\"text-editor.default\">\n\t\t\t\t<div class=\"elementor-widget-container\">\n\t\t\t\t\t\t\t\t\t<p><strong>PLIKI DO POBRANIA:<\/strong><\/p>\t\t\t\t\t\t\t\t<\/div>\n\t\t\t\t<\/div>\n\t\t\t\t\t<\/div>\n\t\t\t\t<\/div>\n\t\t<div class=\"elementor-element elementor-element-cc4def6 e-flex e-con-boxed e-con e-parent\" data-id=\"cc4def6\" data-element_type=\"container\" data-e-type=\"container\">\n\t\t\t\t\t<div class=\"e-con-inner\">\n\t\t\t\t<div class=\"elementor-element elementor-element-ef8ec6c elementor-widget elementor-widget-text-editor\" data-id=\"ef8ec6c\" data-element_type=\"widget\" data-e-type=\"widget\" data-widget_type=\"text-editor.default\">\n\t\t\t\t<div class=\"elementor-widget-container\">\n\t\t\t\t\t\t\t\t\t<p>formularz wniosku o wszcz\u0119cie egzekucji [<a href=\"\/wp-content\/uploads\/2024\/08\/formularz-wniosku-o-wszczecie-egzekucji.docx\" target=\"_blank\" rel=\"noopener\"><strong>DOCX<\/strong><\/a>]<\/p>\n<p>formularz wniosku o wszcz\u0119cie egzekucji [<a href=\"\/wp-content\/uploads\/2024\/08\/formularz-wniosku-o-wszczecie-egzekucji.pdf\" target=\"_blank\" rel=\"noopener\"><strong>PDF<\/strong><\/a>]<\/p>\n<p>skarga na czynno\u015bci komornika [<a href=\"\/wp-content\/uploads\/2024\/08\/skarga-na-czynnosci-komornika.docx\" target=\"_blank\" rel=\"noopener\"><strong>DOCX<\/strong><\/a>]<\/p>\t\t\t\t\t\t\t\t<\/div>\n\t\t\t\t<\/div>\n\t\t\t\t\t<\/div>\n\t\t\t\t<\/div>\n\t\t\t\t<\/div>\n\t\t","protected":false},"excerpt":{"rendered":"<p>Wniosek nale\u017cy z\u0142o\u017cy\u0107 do komornika w oryginale, wraz z tytu\u0142em wykonawczym (r\u00f3wnie\u017c w oryginale). Wniosek nale\u017cy wype\u0142ni\u0107 czytelnie, najlepiej drukowanymi literami. Wszystkie pola powinny by\u0107 wype\u0142nione. Wierzyciel powinien wskaza\u0107 mo\u017cliwie najwi\u0119cej danych identyfikacyjnych d\u0142u\u017cnika, co zwi\u0119ksza szanse na skuteczne wyegzekwowanie nale\u017cno\u015bci. Wierzyciel musi podpisa\u0107 wniosek czytelnie, imieniem oraz nazwiskiem. Je\u015bli wniosek sk\u0142ada osoba reprezentuj\u0105ca wierzyciela, do wniosku nale\u017cy za\u0142\u0105czy\u0107 pe\u0142nomocnictwo i\/lub odpis KRS (w przypadku sp\u00f3\u0142ek prawa handlowego). PLIKI DO POBRANIA: formularz wniosku o wszcz\u0119cie egzekucji [DOCX] formularz wniosku o wszcz\u0119cie egzekucji [PDF] skarga na czynno\u015bci komornika [DOCX]<\/p>\n","protected":false},"author":1,"featured_media":0,"parent":0,"menu_order":0,"comment_status":"closed","ping_status":"closed","template":"elementor_header_footer","meta":{"footnotes":""},"class_list":["post-157","page","type-page","status-publish","hentry"],"aioseo_notices":[],"_links":{"self":[{"href":"https:\/\/komornik-inowroclaw.com.pl\/index.php\/wp-json\/wp\/v2\/pages\/157","targetHints":{"allow":["GET"]}}],"collection":[{"href":"https:\/\/komornik-inowroclaw.com.pl\/index.php\/wp-json\/wp\/v2\/pages"}],"about":[{"href":"https:\/\/komornik-inowroclaw.com.pl\/index.php\/wp-json\/wp\/v2\/types\/page"}],"author":[{"embeddable":true,"href":"https:\/\/komornik-inowroclaw.com.pl\/index.php\/wp-json\/wp\/v2\/users\/1"}],"replies":[{"embeddable":true,"href":"https:\/\/komornik-inowroclaw.com.pl\/index.php\/wp-json\/wp\/v2\/comments?post=157"}],"version-history":[{"count":29,"href":"https:\/\/komornik-inowroclaw.com.pl\/index.php\/wp-json\/wp\/v2\/pages\/157\/revisions"}],"predecessor-version":[{"id":303,"href":"https:\/\/komornik-inowroclaw.com.pl\/index.php\/wp-json\/wp\/v2\/pages\/157\/revisions\/303"}],"wp:attachment":[{"href":"https:\/\/komornik-inowroclaw.com.pl\/index.php\/wp-json\/wp\/v2\/media?parent=157"}],"curies":[{"name":"wp","href":"https:\/\/api.w.org\/{rel}","templated":true}]}}